{"id":581,"date":"2024-11-02T08:05:19","date_gmt":"2024-11-02T07:05:19","guid":{"rendered":"https:\/\/idea.gm.th-koeln.de\/?page_id=581"},"modified":"2024-11-02T08:27:35","modified_gmt":"2024-11-02T07:27:35","slug":"promotionskolleg-nrw","status":"publish","type":"page","link":"https:\/\/www.spotseven.de\/?page_id=581","title":{"rendered":"Promotion\/PhD"},"content":{"rendered":"\n<p>Das Institut IDE+A bietet vielf\u00e4ltige Promotionsm\u00f6glichkeiten an. Dazu z\u00e4hlen die<\/p>\n\n\n\n<ul class=\"wp-block-list\">\n<li>Promotion im Promotionskolle<a href=\"https:\/\/idea.gm.th-koeln.de\/?page_id=581\" data-type=\"page\" data-id=\"581\">g<\/a> NRW und die<\/li>\n\n\n\n<li>kooperative Promotion mit nationalen und internationalen Universit\u00e4ten.<\/li>\n<\/ul>\n\n\n\n<h2 class=\"wp-block-heading\">Promotionskolleg NRW<\/h2>\n\n\n\n<figure class=\"wp-block-image size-large\"><img data-recalc-dims=\"1\" loading=\"lazy\" decoding=\"async\" width=\"1024\" height=\"256\" data-attachment-id=\"582\" data-permalink=\"https:\/\/www.spotseven.de\/?attachment_id=582\" data-orig-file=\"https:\/\/i0.wp.com\/www.spotseven.de\/wp-content\/uploads\/2024\/11\/Kopfbild_Abteilung_IuDS_01.jpg?fit=1600%2C400&amp;ssl=1\" data-orig-size=\"1600,400\" data-comments-opened=\"0\" data-image-meta=\"{&quot;aperture&quot;:&quot;0&quot;,&quot;credit&quot;:&quot;&quot;,&quot;camera&quot;:&quot;&quot;,&quot;caption&quot;:&quot;&quot;,&quot;created_timestamp&quot;:&quot;0&quot;,&quot;copyright&quot;:&quot;&quot;,&quot;focal_length&quot;:&quot;0&quot;,&quot;iso&quot;:&quot;0&quot;,&quot;shutter_speed&quot;:&quot;0&quot;,&quot;title&quot;:&quot;&quot;,&quot;orientation&quot;:&quot;0&quot;}\" data-image-title=\"Kopfbild_Abteilung_IuDS_01\" data-image-description=\"\" data-image-caption=\"\" data-large-file=\"https:\/\/i0.wp.com\/www.spotseven.de\/wp-content\/uploads\/2024\/11\/Kopfbild_Abteilung_IuDS_01.jpg?fit=1024%2C256&amp;ssl=1\" src=\"https:\/\/i0.wp.com\/idea.gm.th-koeln.de\/wp-content\/uploads\/2024\/11\/Kopfbild_Abteilung_IuDS_01-1024x256.jpg?resize=1024%2C256&#038;ssl=1\" alt=\"\" class=\"wp-image-582\" srcset=\"https:\/\/i0.wp.com\/www.spotseven.de\/wp-content\/uploads\/2024\/11\/Kopfbild_Abteilung_IuDS_01.jpg?resize=1024%2C256&amp;ssl=1 1024w, https:\/\/i0.wp.com\/www.spotseven.de\/wp-content\/uploads\/2024\/11\/Kopfbild_Abteilung_IuDS_01.jpg?resize=750%2C188&amp;ssl=1 750w, https:\/\/i0.wp.com\/www.spotseven.de\/wp-content\/uploads\/2024\/11\/Kopfbild_Abteilung_IuDS_01.jpg?resize=500%2C125&amp;ssl=1 500w, https:\/\/i0.wp.com\/www.spotseven.de\/wp-content\/uploads\/2024\/11\/Kopfbild_Abteilung_IuDS_01.jpg?resize=768%2C192&amp;ssl=1 768w, https:\/\/i0.wp.com\/www.spotseven.de\/wp-content\/uploads\/2024\/11\/Kopfbild_Abteilung_IuDS_01.jpg?resize=1536%2C384&amp;ssl=1 1536w, https:\/\/i0.wp.com\/www.spotseven.de\/wp-content\/uploads\/2024\/11\/Kopfbild_Abteilung_IuDS_01.jpg?resize=720%2C180&amp;ssl=1 720w, https:\/\/i0.wp.com\/www.spotseven.de\/wp-content\/uploads\/2024\/11\/Kopfbild_Abteilung_IuDS_01.jpg?resize=560%2C140&amp;ssl=1 560w, https:\/\/i0.wp.com\/www.spotseven.de\/wp-content\/uploads\/2024\/11\/Kopfbild_Abteilung_IuDS_01.jpg?w=1600&amp;ssl=1 1600w\" sizes=\"auto, (max-width: 1024px) 100vw, 1024px\" \/><\/figure>\n\n\n\n<p><strong>Die Abteilung Informatik und Data Science adressiert Fragen und Herausforderungen, die sich aus der Digitalisierung der Gesellschaft und aus Anwendungen der k\u00fcnstlichen Intelligenz ergeben.<\/strong><\/p>\n\n\n\n<p>Die Abteilung forscht in den Schwerpunkten Cyber Security, KI und Data Science, Visual Computing und Wirtschaftsinformatik. Die Abteilung veranstaltet regelm\u00e4\u00dfig Kolloquien, Seminare, Methodenworkshops sowie Ringvorlesungen. Die Abteilung Informatik und Data Science bietet die zwei Promotionsprogramme &#8216;Angewandte Informatik und Wirtschaftsinformatik&#8217; und &#8216;KI und Data Science&#8217; anbieten.  <a href=\"https:\/\/www.th-koeln.de\/personen\/thomas.bartz-beielstein\/\">Prof. Dr. Bartz-Beielstein<\/a> ist zust\u00e4ndig f\u00fcr den Schwerpunkt &#8220;KI und Data Science&#8221; und das gleichnamige Promotionsprogramm.<\/p>\n\n\n\n<figure class=\"wp-block-image size-full\"><img data-recalc-dims=\"1\" loading=\"lazy\" decoding=\"async\" width=\"358\" height=\"201\" data-attachment-id=\"589\" data-permalink=\"https:\/\/www.spotseven.de\/?attachment_id=589\" data-orig-file=\"https:\/\/i0.wp.com\/www.spotseven.de\/wp-content\/uploads\/2024\/11\/doktorandenseminar.png?fit=358%2C201&amp;ssl=1\" data-orig-size=\"358,201\" data-comments-opened=\"0\" data-image-meta=\"{&quot;aperture&quot;:&quot;0&quot;,&quot;credit&quot;:&quot;&quot;,&quot;camera&quot;:&quot;&quot;,&quot;caption&quot;:&quot;&quot;,&quot;created_timestamp&quot;:&quot;0&quot;,&quot;copyright&quot;:&quot;&quot;,&quot;focal_length&quot;:&quot;0&quot;,&quot;iso&quot;:&quot;0&quot;,&quot;shutter_speed&quot;:&quot;0&quot;,&quot;title&quot;:&quot;&quot;,&quot;orientation&quot;:&quot;0&quot;}\" data-image-title=\"doktorandenseminar\" data-image-description=\"\" data-image-caption=\"\" data-large-file=\"https:\/\/i0.wp.com\/www.spotseven.de\/wp-content\/uploads\/2024\/11\/doktorandenseminar.png?fit=358%2C201&amp;ssl=1\" src=\"https:\/\/i0.wp.com\/idea.gm.th-koeln.de\/wp-content\/uploads\/2024\/11\/doktorandenseminar.png?resize=358%2C201&#038;ssl=1\" alt=\"\" class=\"wp-image-589\"\/><\/figure>\n\n\n\n<h3 class=\"wp-block-heading\">Der Forschungsschwerpunkt &#8220;KI und Data Science&#8221;<\/h3>\n\n\n\n<p>Im Forschungsschwerpunkt &#8220;Data Science&#8221; werden insbesondere methodische Vorgehensweisen erforscht und entwickelt, die das Verst\u00e4ndnis von Data Science und KI-Verfahren verbessern. Es werden Verfahren wissenschaftlich erforscht und bereitgestellt, die einen verantwortungsvollen Umgang mit Daten zum Wohle der Gesellschaft erm\u00f6glichen und die digitale Transformation unterst\u00fctzen. Data Science umfasst dabei Methoden aus der Informatik, Statistik und der Mathematik. Zu den Anwendungen z\u00e4hlen u. a. die Optimierung von Gesch\u00e4ftsmodellen, die Prozessautomatisierung oder die Betrugserkennung. Zur Modellierung und Evaluation kommen datengetriebene KI-Algorithmen und Verfahren des maschinellen Lernens zum Einsatz.<\/p>\n\n\n\n<h3 class=\"wp-block-heading\">Das Promotionsprogramm &#8220;KI und Data Science&#8221;<\/h3>\n\n\n\n<p>In dem Promotionsprogramm werden ML- und KI-Methoden u. a. f\u00fcr Anwendungen aus dem Maschinenbau, dem Wirtschaftsingenieurwesen, der Automatisierungstechnik und den Lebenswissenschaften erforscht. Das Programm bildet den Forschungsschwerpunkt KI und Data Science ab und richtet sich vor allem an Doktorandinnen und Doktoranden aus der Informatik und aus angrenzenden Disziplinen, insbesondere der Informationswissenschaft, Mathematik, Physik, Maschinenbau, Wirtschaftsingenieurwesen, Statistik, Automatisierungs- und Elektrotechnik sowie den Geo- und Lebenswissenschaften. Daher stellen ein umfassendes mathematisches Grundlagenwissen und fundierte Kenntnisse in speziellen Bereichen aus der Informatik, der Statistik und den jeweiligen Anwendungsdom\u00e4nen wichtige Voraussetzungen dar. Je nach Schwerpunkt der Arbeit kann der Grad Dr.-Ing. oder Dr. rer. nat. verliehen werden.<br>Das Promotionsprogramm besch\u00e4ftigt sich mit wissenschaftlichen und technischen Ans\u00e4tzen zur Generierung von Wissen aus Daten, insbesondere, wenn traditionelle Verfahren aus der Angewandten Informatik an ihre Grenzen sto\u00dfen oder automatisiert ablaufen m\u00fcssen.<br>Schwerpunkte bilden hierbei die Datenerhebung und -aufbereitung, die Modellierung und Simulation, Analyse und Optimierung sowie die Methodenevaluation und Archivierung gro\u00dfer, inhomogener Datenmengen. Es werden hierdurch innovative Technologien in interdisziplin\u00e4ren Ans\u00e4tzen angewandt, um qualitativ hochwertige und effiziente L\u00f6sungen sowohl an der Schnittstelle zwischen der Informatik, den Natur- und Ingenieur- sowie Geistes- und Sozialwissenschaften als auch der Industrie zu schaffen. Dazu sind Data Science- und KI-Methoden erforderlich.<\/p>\n\n\n\n<h3 class=\"wp-block-heading\">Doktorandenseminar und Doktorandenkolloquium<\/h3>\n\n\n\n<p>Im Institut IDE+A finden seit 2008 regelm\u00e4\u00dfig Doktorandenseminare und -kolloquien statt. Mit der Gr\u00fcndung des PK NRW sind diese integrale Bestandteile des Promotionsprogramms KI und Data Science. Aktuelle Informationen zu den Veranstaltungen sind auf den Seiten des Instituts zu finden:<\/p>\n\n\n\n<ul class=\"wp-block-list\">\n<li><a href=\"https:\/\/www.th-koeln.de\/informatik-und-ingenieurwissenschaften\/doktorandenseminar_97596.php\">Doktorandenseminar<\/a> (interdisziplin\u00e4r, vernetzend)<\/li>\n\n\n\n<li><a href=\"https:\/\/www.th-koeln.de\/informatik-und-ingenieurwissenschaften\/doktorandenkolloquium_97598.php\">Doktorandenkolloquium<\/a> (fachlich vertiefend)<\/li>\n<\/ul>\n\n\n\n<h3 class=\"wp-block-heading\">Weitere Informationen und Dokumente f\u00fcr die Promotion in den Promotionsprogrammen der Abteilung<\/h3>\n\n\n\n<p>Aktuelle Informationen sowie Dokumente f\u00fcr Einschreibung und Annahme sind auf den Seiten den PK NRW zu finden. Hier ist der Link: <a href=\"https:\/\/www.pknrw.de\/abteilungen\/informatik-und-data-science\/promotion\">https:\/\/www.pknrw.de\/abteilungen\/informatik-und-data-science\/promotion<\/a><\/p>\n\n\n\n<h2 class=\"wp-block-heading\">Kooperative Promotion<\/h2>\n\n\n\n<p>Es bestehen langj\u00e4hrige und intensive Kooperationen mit den folgenden Partneruniversit\u00e4ten:<\/p>\n\n\n\n<ul class=\"wp-block-list\">\n<li>TU Dortmund. Fakult\u00e4t Informatik. Prof. Dr. G\u00fcnter Rudolph.<\/li>\n\n\n\n<li>Universit\u00e4t Leiden. LIAS. Prof. Dr. Thomas B\u00e4ck.<\/li>\n\n\n\n<li>Freie Universit\u00e4t Amsterdam. Prof. Gusz Eiben.<\/li>\n\n\n\n<li>Universit\u00e4t Patras. Prof. Michael Vrahatis<\/li>\n<\/ul>\n\n\n\n<p>sowie mit weiteren Universit\u00e4ten.<\/p>\n","protected":false},"excerpt":{"rendered":"<p>Das Institut IDE+A bietet vielf\u00e4ltige Promotionsm\u00f6glichkeiten an. Dazu z\u00e4hlen die Promotionskolleg NRW Die Abteilung Informatik und Data Science adressiert Fragen &hellip; <a class=\"more-link\" href=\"https:\/\/www.spotseven.de\/?page_id=581\">More<\/a><\/p>\n","protected":false},"author":3,"featured_media":0,"parent":0,"menu_order":0,"comment_status":"closed","ping_status":"closed","template":"","meta":{"_acf_changed":false,"advanced_seo_description":"","jetpack_seo_html_title":"","jetpack_seo_noindex":false,"footnotes":""},"class_list":["post-581","page","type-page","status-publish","hentry",""],"acf":[],"jetpack_likes_enabled":true,"jetpack_sharing_enabled":true,"jetpack-related-posts":[],"jetpack_shortlink":"https:\/\/wp.me\/P2DCPK-9n","_links":{"self":[{"href":"https:\/\/www.spotseven.de\/index.php?rest_route=\/wp\/v2\/pages\/581","targetHints":{"allow":["GET"]}}],"collection":[{"href":"https:\/\/www.spotseven.de\/index.php?rest_route=\/wp\/v2\/pages"}],"about":[{"href":"https:\/\/www.spotseven.de\/index.php?rest_route=\/wp\/v2\/types\/page"}],"author":[{"embeddable":true,"href":"https:\/\/www.spotseven.de\/index.php?rest_route=\/wp\/v2\/users\/3"}],"replies":[{"embeddable":true,"href":"https:\/\/www.spotseven.de\/index.php?rest_route=%2Fwp%2Fv2%2Fcomments&post=581"}],"version-history":[{"count":7,"href":"https:\/\/www.spotseven.de\/index.php?rest_route=\/wp\/v2\/pages\/581\/revisions"}],"predecessor-version":[{"id":595,"href":"https:\/\/www.spotseven.de\/index.php?rest_route=\/wp\/v2\/pages\/581\/revisions\/595"}],"wp:attachment":[{"href":"https:\/\/www.spotseven.de\/index.php?rest_route=%2Fwp%2Fv2%2Fmedia&parent=581"}],"curies":[{"name":"wp","href":"https:\/\/api.w.org\/{rel}","templated":true}]}}